{"id":38,"date":"2017-05-01T11:22:40","date_gmt":"2017-05-01T11:22:40","guid":{"rendered":"http:\/\/kunstraumbergstrasse.de\/?page_id=38"},"modified":"2022-04-18T19:58:52","modified_gmt":"2022-04-18T19:58:52","slug":"kontakt","status":"publish","type":"page","link":"https:\/\/kunstraumbergstrasse.de\/?page_id=38","title":{"rendered":"Kontakt"},"content":{"rendered":"<ul>\n<li>Kunstraum Bergstra\u00dfe &amp; Architekturb\u00fcro<\/li>\n<li>J\u00fcrgen Kling<\/li>\n<li>Wilhelm-Leuschner-Stra\u00dfe 66<\/li>\n<li>64342 Seeheim-Jugenheim<\/li>\n<li>mobil\u00a0\u00a0\u00a0\u00a0 : +49 170 2052658<\/li>\n<li>Telefon : +49 6257 9989777 (Atelier + B\u00fcro)<\/li>\n<li>Telefon : +49 6257 81055 (privat)<\/li>\n<li>www.kunstraumbergstrasse.de<\/li>\n<li><a title=\"mail@kling-architekt.de\" href=\"mailto:m%61%69%6c%40kling%2darc%68%69tekt.%64e\">mail@kling-architekt.de<\/a><\/li>\n<\/ul>\n","protected":false},"excerpt":{"rendered":"<p>Kunstraum Bergstra\u00dfe &amp; Architekturb\u00fcro J\u00fcrgen Kling Wilhelm-Leuschner-Stra\u00dfe 66 64342 Seeheim-Jugenheim mobil\u00a0\u00a0\u00a0\u00a0 : +49 170 2052658 Telefon : +49 6257 9989777 (Atelier + B\u00fcro) Telefon : +49 6257 81055 (privat) www.kunstraumbergstrasse.de mail@kling-architekt.de<\/p>\n","protected":false},"author":4,"featured_media":0,"parent":0,"menu_order":10,"comment_status":"closed","ping_status":"closed","template":"","meta":{"footnotes":""},"class_list":["post-38","page","type-page","status-publish","hentry"],"_links":{"self":[{"href":"https:\/\/kunstraumbergstrasse.de\/index.php?rest_route=\/wp\/v2\/pages\/38","targetHints":{"allow":["GET"]}}],"collection":[{"href":"https:\/\/kunstraumbergstrasse.de\/index.php?rest_route=\/wp\/v2\/pages"}],"about":[{"href":"https:\/\/kunstraumbergstrasse.de\/index.php?rest_route=\/wp\/v2\/types\/page"}],"author":[{"embeddable":true,"href":"https:\/\/kunstraumbergstrasse.de\/index.php?rest_route=\/wp\/v2\/users\/4"}],"replies":[{"embeddable":true,"href":"https:\/\/kunstraumbergstrasse.de\/index.php?rest_route=%2Fwp%2Fv2%2Fcomments&post=38"}],"version-history":[{"count":16,"href":"https:\/\/kunstraumbergstrasse.de\/index.php?rest_route=\/wp\/v2\/pages\/38\/revisions"}],"predecessor-version":[{"id":1342,"href":"https:\/\/kunstraumbergstrasse.de\/index.php?rest_route=\/wp\/v2\/pages\/38\/revisions\/1342"}],"wp:attachment":[{"href":"https:\/\/kunstraumbergstrasse.de\/index.php?rest_route=%2Fwp%2Fv2%2Fmedia&parent=38"}],"curies":[{"name":"wp","href":"https:\/\/api.w.org\/{rel}","templated":true}]}}